{"id":1208,"date":"2023-03-26T13:05:42","date_gmt":"2023-03-26T13:05:42","guid":{"rendered":"https:\/\/hansetpeter.fr\/?page_id=1208"},"modified":"2023-12-10T17:16:32","modified_gmt":"2023-12-10T17:16:32","slug":"nos-noms","status":"publish","type":"page","link":"https:\/\/hansetpeter.fr\/index.php\/nos-noms\/","title":{"rendered":"Nos noms&#8230;"},"content":{"rendered":"<p>Comme vous le voyez dans le nom du site, nous nous appellons Hans et Peter. Mais si vous regardez dans nos passeports, seul le nom \u00ab Peter \u00bb y figure (avec \u00ab Leunis \u00bb comme deuxi\u00e8me pr\u00e9nom). Dans le passeport de Hans, on lit : <em>pr\u00e9noms : Johannes Cornelis Rochus<\/em> ! Alors qu&#8217;est-ce que c&#8217;est, cette diff\u00e9rence ?<\/p>\n<p>Pour comprendre, il faut savoir que dans certains Pays (dont les Pays-Bas, mais aussi en Allemagne et en Angleterre et \u00e0 l&#8217;Am\u00e9rique) on donne des \u00ab surnoms \u00bb (autrement dit : des noms simplifi\u00e9s, populaires) aux enfants pour faciliter l&#8217;usage journalier. Ces surnoms sont souvent des traductions du Latin, la langue du plupart des\u00a0 noms de bapt\u00e8me (surtout dans la communaut\u00e9 Catholique). Et le nom \u00ab Hans \u00bb n&#8217;est rien d&#8217;autre qu&#8217;une de quattre traductions du nom Latin \u00ab Johannes \u00bb (les autres \u00e9tant \u00ab Jan \u00bb et \u00ab Johan \u00bb et \u00ab Han \u00bb). Parfois on utilise m\u00eame des traductions du Latin en Fran\u00e7ais (et dans ce cas, Johannes devient \u00ab Jean \u00bb !).<\/p>\n<p>Si vous connaissez d&#8217;autres Hollandais, ils auront souvent des nom comme Piet, Jan, Kees, Willem ou Ad. Dans leurs passeports on trouvera Petrus (Pierre), Johannes (Jean), Cornelis (Corneille), Wilhelmus (Guillaume) et Adrianus (Adrien). Il n&#8217;y a jamais des probl\u00e8mes avec les autorit\u00e9s \u00e0 l&#8217;\u00e9tranger (parce que tout le monde est au courant de cette co\u00fbtume). Mais en France des \u00e9trangers, comme nous, risquent des grands probl\u00e8mes avec les administrations, en utilisant ces noms communs : on a, par example, refus\u00e9 de modifier mon adresse sur ma carte grise parce que celle-ci \u00e9tait au nom de Hans Kouwenberg !<\/p>\n<p>Jusqu&#8217;\u00e0 ce jour personne n&#8217;a voulu nous appeller\u00a0 \u00ab Jean \u00bb et \u00ab Pierre \u00bb &#8230;.. heureusement !<\/p>\n<p>&nbsp;<\/p>\n<p>&nbsp;<\/p>\n<p>&nbsp;<\/p>\n<p>&nbsp;<\/p>\n","protected":false},"excerpt":{"rendered":"<p>Comme vous le voyez dans le nom du site, nous nous appellons Hans et Peter. Mais si vous regardez dans nos passeports, seul le nom \u00ab Peter \u00bb y figure (avec \u00ab Leunis \u00bb comme deuxi\u00e8me pr\u00e9nom). Dans le passeport de Hans, on lit : pr\u00e9noms : Johannes Cornelis Rochus ! Alors qu&#8217;est-ce que c&#8217;est, [&hellip;]<\/p>\n","protected":false},"author":2,"featured_media":0,"parent":0,"menu_order":0,"comment_status":"closed","ping_status":"closed","template":"","meta":{"site-sidebar-layout":"default","site-content-layout":"default","ast-site-content-layout":"default","site-content-style":"default","site-sidebar-style":"default","ast-global-header-display":"","ast-banner-title-visibility":"","ast-main-header-display":"","ast-hfb-above-header-display":"","ast-hfb-below-header-display":"","ast-hfb-mobile-header-display":"","site-post-title":"","ast-breadcrumbs-content":"","ast-featured-img":"","footer-sml-layout":"","ast-disable-related-posts":"","theme-transparent-header-meta":"default","adv-header-id-meta":"","stick-header-meta":"","header-above-stick-meta":"","header-main-stick-meta":"","header-below-stick-meta":"","astra-migrate-meta-layouts":"default","ast-page-background-enabled":"default","ast-page-background-meta":{"desktop":{"background-color":"","background-image":"","background-repeat":"repeat","background-position":"center center","background-size":"auto","background-attachment":"scroll","background-type":"","background-media":"","overlay-type":"","overlay-color":"","overlay-opacity":"","overlay-gradient":""},"tablet":{"background-color":"","background-image":"","background-repeat":"repeat","background-position":"center center","background-size":"auto","background-attachment":"scroll","background-type":"","background-media":"","overlay-type":"","overlay-color":"","overlay-opacity":"","overlay-gradient":""},"mobile":{"background-color":"","background-image":"","background-repeat":"repeat","background-position":"center center","background-size":"auto","background-attachment":"scroll","background-type":"","background-media":"","overlay-type":"","overlay-color":"","overlay-opacity":"","overlay-gradient":""}},"ast-content-background-meta":{"desktop":{"background-color":"var(--ast-global-color-5)","background-image":"","background-repeat":"repeat","background-position":"center center","background-size":"auto","background-attachment":"scroll","background-type":"","background-media":"","overlay-type":"","overlay-color":"","overlay-opacity":"","overlay-gradient":""},"tablet":{"background-color":"var(--ast-global-color-5)","background-image":"","background-repeat":"repeat","background-position":"center center","background-size":"auto","background-attachment":"scroll","background-type":"","background-media":"","overlay-type":"","overlay-color":"","overlay-opacity":"","overlay-gradient":""},"mobile":{"background-color":"var(--ast-global-color-5)","background-image":"","background-repeat":"repeat","background-position":"center center","background-size":"auto","background-attachment":"scroll","background-type":"","background-media":"","overlay-type":"","overlay-color":"","overlay-opacity":"","overlay-gradient":""}},"footnotes":""},"class_list":["post-1208","page","type-page","status-publish","hentry"],"aioseo_notices":[],"_links":{"self":[{"href":"https:\/\/hansetpeter.fr\/index.php\/wp-json\/wp\/v2\/pages\/1208","targetHints":{"allow":["GET"]}}],"collection":[{"href":"https:\/\/hansetpeter.fr\/index.php\/wp-json\/wp\/v2\/pages"}],"about":[{"href":"https:\/\/hansetpeter.fr\/index.php\/wp-json\/wp\/v2\/types\/page"}],"author":[{"embeddable":true,"href":"https:\/\/hansetpeter.fr\/index.php\/wp-json\/wp\/v2\/users\/2"}],"replies":[{"embeddable":true,"href":"https:\/\/hansetpeter.fr\/index.php\/wp-json\/wp\/v2\/comments?post=1208"}],"version-history":[{"count":11,"href":"https:\/\/hansetpeter.fr\/index.php\/wp-json\/wp\/v2\/pages\/1208\/revisions"}],"predecessor-version":[{"id":1226,"href":"https:\/\/hansetpeter.fr\/index.php\/wp-json\/wp\/v2\/pages\/1208\/revisions\/1226"}],"wp:attachment":[{"href":"https:\/\/hansetpeter.fr\/index.php\/wp-json\/wp\/v2\/media?parent=1208"}],"curies":[{"name":"wp","href":"https:\/\/api.w.org\/{rel}","templated":true}]}}