{"id":1161,"date":"2022-11-23T13:21:58","date_gmt":"2022-11-23T13:21:58","guid":{"rendered":"https:\/\/hansetpeter.fr\/?page_id=1161"},"modified":"2023-12-11T09:49:41","modified_gmt":"2023-12-11T09:49:41","slug":"nos-passions","status":"publish","type":"page","link":"https:\/\/hansetpeter.fr\/index.php\/nos-passions\/","title":{"rendered":"Nos passions&#8230;."},"content":{"rendered":"<p style=\"text-align: left;\">Ceux qui lisent notre histoire comprendront quelles \u00e9taient nos passions (les bateaux et l&#8217;informatique) pendant les ann\u00e9es o\u00f9 nous \u00e9tions actifs. Mais maintenant que nous avons laiss\u00e9 notre vie active derri\u00e8re nous, ces passions aussi ont progressivement chang\u00e9 : en \u00e9tant retrait\u00e9s, nous suivons les aventures de nos anciens coll\u00e8gues de loin, mais nos jours se remplissent de petites promenades, de courtes vacances, de soir\u00e9es avec des amis, de repas faits maison par Peter, de r\u00e9p\u00e9titions avec la chorale dans laquelle il chante, et des essais d&#8217;\u00e9criture pour Hans.<\/p>\n<p><span style=\"font-size: 16px;\">Ce changement d&#8217;int\u00e9r\u00eat avait contribu\u00e9 \u00e0 notre d\u00e9cision de nous installer dans la ville de N\u00eemes pour un moment, fin 2022. Autrefois, la paix et la tranquillit\u00e9 de Ray-sur-Sa\u00f4ne \u00e9taient le contrepoids n\u00e9cessaire au stress et \u00e0 la pr\u00e9cipitation de notre travail. Lorsque ce travail s&#8217;est arr\u00eat\u00e9, nous avions pens\u00e9 d&#8217;avoir encore besoin de cette paix et de cette tranquillit\u00e9, mais nous avons appr\u00e9ci\u00e9 l&#8217;animation et les possibilit\u00e9s de la ville. Les inconv\u00e9nients du bruit de la circulation, de l&#8217;agitation des voisins et des probl\u00e8mes de stationnement s&#8217;\u00e9taient r\u00e9v\u00e9l\u00e9s moins importants que nous le pensions au d\u00e9but.<\/span><\/p>\n<p style=\"text-align: center;\"><img loading=\"lazy\" decoding=\"async\" class=\"alignnone size-medium wp-image-1147\" src=\"http:\/\/hansetpeter.fr\/wp-content\/uploads\/2022\/11\/Arenes_de_Nimes._Photo_Office_de_Tourisme_O.Maynard-300x144.jpg\" alt=\"\" width=\"300\" height=\"144\" srcset=\"https:\/\/hansetpeter.fr\/wp-content\/uploads\/2022\/11\/Arenes_de_Nimes._Photo_Office_de_Tourisme_O.Maynard-300x144.jpg 300w, https:\/\/hansetpeter.fr\/wp-content\/uploads\/2022\/11\/Arenes_de_Nimes._Photo_Office_de_Tourisme_O.Maynard-1024x493.jpg 1024w, https:\/\/hansetpeter.fr\/wp-content\/uploads\/2022\/11\/Arenes_de_Nimes._Photo_Office_de_Tourisme_O.Maynard-768x370.jpg 768w, https:\/\/hansetpeter.fr\/wp-content\/uploads\/2022\/11\/Arenes_de_Nimes._Photo_Office_de_Tourisme_O.Maynard-1536x740.jpg 1536w, https:\/\/hansetpeter.fr\/wp-content\/uploads\/2022\/11\/Arenes_de_Nimes._Photo_Office_de_Tourisme_O.Maynard-2048x986.jpg 2048w\" sizes=\"auto, (max-width: 300px) 100vw, 300px\" \/><\/p>\n<p>&nbsp;<\/p>\n<p>Un appartement tout neuf dans le centre de N\u00eemes \u00e9tait disponible. L&#8217;immeuble se trouvait \u00e0 distance de marche de presque tous les sites touristiques et, surtout, de tous les magasins, restaurants, bistrots et terrasses. Les Halles \u00e9taient \u00e0 dix minutes \u00e0 pied. Tous les services qu&#8217;on voulait se trouvaient dans un p\u00e9rim\u00e8tre de moins d&#8217;un kilom\u00e8tre autour de notre r\u00e9sidence. Alors on l&#8217;a lou\u00e9, sans nous rendre compte qu&#8217;il y aurait des d\u00e9savantages&#8230;<\/p>\n<p><img loading=\"lazy\" decoding=\"async\" class=\"alignnone size-medium wp-image-1166 aligncenter\" src=\"http:\/\/hansetpeter.fr\/wp-content\/uploads\/2022\/11\/20221117_182547-169x300.jpg\" alt=\"\" width=\"169\" height=\"300\" srcset=\"https:\/\/hansetpeter.fr\/wp-content\/uploads\/2022\/11\/20221117_182547-169x300.jpg 169w, https:\/\/hansetpeter.fr\/wp-content\/uploads\/2022\/11\/20221117_182547-576x1024.jpg 576w, https:\/\/hansetpeter.fr\/wp-content\/uploads\/2022\/11\/20221117_182547-768x1365.jpg 768w, https:\/\/hansetpeter.fr\/wp-content\/uploads\/2022\/11\/20221117_182547-864x1536.jpg 864w, https:\/\/hansetpeter.fr\/wp-content\/uploads\/2022\/11\/20221117_182547-1152x2048.jpg 1152w, https:\/\/hansetpeter.fr\/wp-content\/uploads\/2022\/11\/20221117_182547-rotated.jpg 1440w\" sizes=\"auto, (max-width: 169px) 100vw, 169px\" \/><\/p>\n<p>Cet inconv\u00e9nient s&#8217;est av\u00e9r\u00e9 \u00eatre celui des voisins : presque chaque nuit, nous avons \u00e9t\u00e9 r\u00e9veill\u00e9s au moins une fois par des bruits inimitables provenant de l&#8217;\u00e9tage ! L&#8217;insonorisation parfaite promise par l&#8217;agent immobilier laissait \u00e0 d\u00e9sirer, et ce ne sont donc pas les bruits de la ville (auxquels on s&#8217;habitue) mais les grondements nocturnes (auxquels on ne s&#8217;habitue PAS) qui nous ont fait fuir. Les tentatives de discussion et de r\u00e9solution \u00e0 l&#8217;amiable des nuisances se sont heurt\u00e9es au refus cat\u00e9gorique des voisins du dessus, \u00e2g\u00e9s mais non moins asociaux.<\/p>\n<p>&nbsp;<\/p>\n<p><img loading=\"lazy\" decoding=\"async\" class=\"size-medium wp-image-1169 aligncenter\" src=\"http:\/\/hansetpeter.fr\/wp-content\/uploads\/2022\/11\/20221122_142626-169x300.jpg\" alt=\"\" width=\"169\" height=\"300\" srcset=\"https:\/\/hansetpeter.fr\/wp-content\/uploads\/2022\/11\/20221122_142626-169x300.jpg 169w, https:\/\/hansetpeter.fr\/wp-content\/uploads\/2022\/11\/20221122_142626-576x1024.jpg 576w, https:\/\/hansetpeter.fr\/wp-content\/uploads\/2022\/11\/20221122_142626-768x1365.jpg 768w, https:\/\/hansetpeter.fr\/wp-content\/uploads\/2022\/11\/20221122_142626-864x1536.jpg 864w, https:\/\/hansetpeter.fr\/wp-content\/uploads\/2022\/11\/20221122_142626-1152x2048.jpg 1152w, https:\/\/hansetpeter.fr\/wp-content\/uploads\/2022\/11\/20221122_142626-rotated.jpg 1440w\" sizes=\"auto, (max-width: 169px) 100vw, 169px\" \/><\/p>\n<p>Outre la ville et son histoire, la situation de N\u00eemes sur plusieurs axes de communication majeurs a \u00e9galement \u00e9t\u00e9 une raison de vouloir y vivre : sur la route de l&#8217;Espagne, mais aussi de l&#8217;Italie et de tout le sud de la France, id\u00e9ale comme base de d\u00e9part. Mais nous avons vite constat\u00e9 que nous ne nous rendons pas en Espagne ou en Italie toutes les semaines ou tous les mois, et que pour ces voyages, une heure de route suppl\u00e9mentaire ne serait pas vraiment un probl\u00e8me.<\/p>\n<p><img loading=\"lazy\" decoding=\"async\" class=\"size-medium wp-image-1171 aligncenter\" src=\"http:\/\/hansetpeter.fr\/wp-content\/uploads\/2022\/11\/rond-Nimes-300x179.jpg\" alt=\"\" width=\"300\" height=\"179\" srcset=\"https:\/\/hansetpeter.fr\/wp-content\/uploads\/2022\/11\/rond-Nimes-300x179.jpg 300w, https:\/\/hansetpeter.fr\/wp-content\/uploads\/2022\/11\/rond-Nimes-1024x611.jpg 1024w, https:\/\/hansetpeter.fr\/wp-content\/uploads\/2022\/11\/rond-Nimes-768x458.jpg 768w, https:\/\/hansetpeter.fr\/wp-content\/uploads\/2022\/11\/rond-Nimes-1536x916.jpg 1536w, https:\/\/hansetpeter.fr\/wp-content\/uploads\/2022\/11\/rond-Nimes.jpg 1576w\" sizes=\"auto, (max-width: 300px) 100vw, 300px\" \/><\/p>\n<p>&nbsp;<\/p>\n<p>Assez vite la campagne nous a manqu\u00e9 ! Pas seulement les nuisances sonores des voisins nous g\u00eanaient, mais aussi la manque de nature, de verdure, de vue. Nous nous sentions de plus en plus enferm\u00e9s dans l&#8217;appartement. Et quand une possibilit\u00e9 s&#8217;est produit de louer une petite maison \u00e0 Barjac, nous avons tout de suite d\u00e9cid\u00e9 de quitter N\u00eemes. Le 22 Novembre 2023, nous avons d\u00e9m\u00e9nag\u00e9 \u00e0 Barjac, alors !<\/p>\n<p><img loading=\"lazy\" decoding=\"async\" class=\"alignnone wp-image-1239 aligncenter\" src=\"http:\/\/hansetpeter.fr\/wp-content\/uploads\/2023\/12\/PXL_20231210_130730932-300x167.jpg\" alt=\"\" width=\"427\" height=\"238\" srcset=\"https:\/\/hansetpeter.fr\/wp-content\/uploads\/2023\/12\/PXL_20231210_130730932-300x167.jpg 300w, https:\/\/hansetpeter.fr\/wp-content\/uploads\/2023\/12\/PXL_20231210_130730932-1024x569.jpg 1024w, https:\/\/hansetpeter.fr\/wp-content\/uploads\/2023\/12\/PXL_20231210_130730932-768x427.jpg 768w, https:\/\/hansetpeter.fr\/wp-content\/uploads\/2023\/12\/PXL_20231210_130730932.jpg 1490w\" sizes=\"auto, (max-width: 427px) 100vw, 427px\" \/><\/p>\n<p>&nbsp;<\/p>\n<p>Et nous voil\u00e0 assis sur l&#8217;une des terrasses de la vieille maison, us\u00e9e mais charmante, qui se trouve \u00e0 quelques pas du centre ville pittoresque de Barjac, mais suffisamment loin pour ne rien entendre. La maison, appel\u00e9e localement &#8220;La Costette&#8221;, a \u00e9t\u00e9 rebaptis\u00e9e par nous &#8220;Domaine de la Costette&#8221;. Elle sera notre maison jusqu&#8217;\u00e0 ce que nous trouverons la maison parfaite \u00e0 vendre, quelque part (SI nous la trouverons un jour !).<\/p>\n","protected":false},"excerpt":{"rendered":"<p>Ceux qui lisent notre histoire comprendront quelles \u00e9taient nos passions (les bateaux et l&#8217;informatique) pendant les ann\u00e9es o\u00f9 nous \u00e9tions actifs. Mais maintenant que nous avons laiss\u00e9 notre vie active derri\u00e8re nous, ces passions aussi ont progressivement chang\u00e9 : en \u00e9tant retrait\u00e9s, nous suivons les aventures de nos anciens coll\u00e8gues de loin, mais nos jours [&hellip;]<\/p>\n","protected":false},"author":2,"featured_media":0,"parent":0,"menu_order":0,"comment_status":"closed","ping_status":"closed","template":"","meta":{"site-sidebar-layout":"default","site-content-layout":"default","ast-site-content-layout":"default","site-content-style":"default","site-sidebar-style":"default","ast-global-header-display":"","ast-banner-title-visibility":"","ast-main-header-display":"","ast-hfb-above-header-display":"","ast-hfb-below-header-display":"","ast-hfb-mobile-header-display":"","site-post-title":"","ast-breadcrumbs-content":"","ast-featured-img":"","footer-sml-layout":"","ast-disable-related-posts":"","theme-transparent-header-meta":"default","adv-header-id-meta":"","stick-header-meta":"","header-above-stick-meta":"","header-main-stick-meta":"","header-below-stick-meta":"","astra-migrate-meta-layouts":"default","ast-page-background-enabled":"default","ast-page-background-meta":{"desktop":{"background-color":"","background-image":"","background-repeat":"repeat","background-position":"center center","background-size":"auto","background-attachment":"scroll","background-type":"","background-media":"","overlay-type":"","overlay-color":"","overlay-opacity":"","overlay-gradient":""},"tablet":{"background-color":"","background-image":"","background-repeat":"repeat","background-position":"center center","background-size":"auto","background-attachment":"scroll","background-type":"","background-media":"","overlay-type":"","overlay-color":"","overlay-opacity":"","overlay-gradient":""},"mobile":{"background-color":"","background-image":"","background-repeat":"repeat","background-position":"center center","background-size":"auto","background-attachment":"scroll","background-type":"","background-media":"","overlay-type":"","overlay-color":"","overlay-opacity":"","overlay-gradient":""}},"ast-content-background-meta":{"desktop":{"background-color":"var(--ast-global-color-5)","background-image":"","background-repeat":"repeat","background-position":"center center","background-size":"auto","background-attachment":"scroll","background-type":"","background-media":"","overlay-type":"","overlay-color":"","overlay-opacity":"","overlay-gradient":""},"tablet":{"background-color":"var(--ast-global-color-5)","background-image":"","background-repeat":"repeat","background-position":"center center","background-size":"auto","background-attachment":"scroll","background-type":"","background-media":"","overlay-type":"","overlay-color":"","overlay-opacity":"","overlay-gradient":""},"mobile":{"background-color":"var(--ast-global-color-5)","background-image":"","background-repeat":"repeat","background-position":"center center","background-size":"auto","background-attachment":"scroll","background-type":"","background-media":"","overlay-type":"","overlay-color":"","overlay-opacity":"","overlay-gradient":""}},"footnotes":""},"class_list":["post-1161","page","type-page","status-publish","hentry"],"aioseo_notices":[],"_links":{"self":[{"href":"https:\/\/hansetpeter.fr\/index.php\/wp-json\/wp\/v2\/pages\/1161","targetHints":{"allow":["GET"]}}],"collection":[{"href":"https:\/\/hansetpeter.fr\/index.php\/wp-json\/wp\/v2\/pages"}],"about":[{"href":"https:\/\/hansetpeter.fr\/index.php\/wp-json\/wp\/v2\/types\/page"}],"author":[{"embeddable":true,"href":"https:\/\/hansetpeter.fr\/index.php\/wp-json\/wp\/v2\/users\/2"}],"replies":[{"embeddable":true,"href":"https:\/\/hansetpeter.fr\/index.php\/wp-json\/wp\/v2\/comments?post=1161"}],"version-history":[{"count":12,"href":"https:\/\/hansetpeter.fr\/index.php\/wp-json\/wp\/v2\/pages\/1161\/revisions"}],"predecessor-version":[{"id":1246,"href":"https:\/\/hansetpeter.fr\/index.php\/wp-json\/wp\/v2\/pages\/1161\/revisions\/1246"}],"wp:attachment":[{"href":"https:\/\/hansetpeter.fr\/index.php\/wp-json\/wp\/v2\/media?parent=1161"}],"curies":[{"name":"wp","href":"https:\/\/api.w.org\/{rel}","templated":true}]}}