{"id":1151,"date":"2022-11-12T15:32:19","date_gmt":"2022-11-12T15:32:19","guid":{"rendered":"https:\/\/hansetpeter.fr\/?page_id=1151"},"modified":"2023-12-11T08:59:44","modified_gmt":"2023-12-11T08:59:44","slug":"notrehistoire","status":"publish","type":"page","link":"https:\/\/hansetpeter.fr\/index.php\/notrehistoire\/","title":{"rendered":"Notre histoire&#8230;.."},"content":{"rendered":"<p>Hans, le plus vieux de nous deux, est n\u00e9 en 1950 ; Peter en 1957. Jusqu&#8217; en 1981 nos vies se sont d\u00e9roul\u00e9es s\u00e9par\u00e9ment les unes des autres. En cette ann\u00e9e nous nous sommes rencontr\u00e9s dans un bar \u00e0 Amsterdam. Dans ce bar, Peter a fait un commentaire sur les cheveux de Hans, qu&#8217;il trouvait bien trop longs. Lorsque Hans r\u00e9pondit qu&#8217;il devait les couper, Peter, \u00e0 la surprise g\u00e9n\u00e9rale, sortit un peigne et des ciseaux de sa poche et fit ce qu&#8217;on lui demandait. C&#8217;\u00e9tait le d\u00e9but d&#8217;une amiti\u00e9 durable !<\/p>\n<p>Nous sommes donc amis depuis plus de 40 ann\u00e9es, et nous esp\u00e9rons de rester ensembles pour les 40 ann\u00e9es suivantes. Quand nous nous rencontrions, nous \u00e9tions dans les <a href=\"http:\/\/www.hansenpeter.nl\/wp-content\/uploads\/2014\/12\/hansenpeter-vroeger.jpg\"><img loading=\"lazy\" decoding=\"async\" class=\"alignright wp-image-28 size-full\" src=\"http:\/\/www.hansenpeter.nl\/wp-content\/uploads\/2014\/12\/hansenpeter-vroeger.jpg\" alt=\"\" width=\"428\" height=\"300\" \/><\/a>\u00ab roaring eighties \u00bb, comme vous voyez sur les deux photos de cette \u00e9poque. Hans habitait sur une p\u00e9niche am\u00e9nag\u00e9e, ce qui explique sa passion pour les bateaux. Cette passion a d&#8217;ailleurs beaucoup influenc\u00e9 nos choix dans nos vies : pendant nos premi\u00e8res vacances communes, nous avons navigu\u00e9 une petite p\u00e9nichette sur le Canal du Midi sans que nous savions comment nous serions li\u00e9s \u00e0 la batellerie : quand notre entreprise \u00e9tait vendue, nous avions pass\u00e9 35 des 40 ans soit DANS la navigation, soit fortement LI\u00c9S \u00e0 celle-ci. Mais ce n&#8217;\u00e9tait PAS une ligne droite !<\/p>\n<p>Hans a \u00e9tudi\u00e9 la Psychologie, apr\u00e8s le bac, et d\u00e9j\u00e0 pendant ces \u00e9tudes il a commenc\u00e9 de travailler dans un th\u00e9\u00e2tre, comme technicien. Ensuite, il devenait le responsable qui g\u00e9rait les s\u00e9ries de spectacles, que les troupes Am\u00e9ricains, Anglais, Canadiens, Japonais, Russes et de toutes sortes de nationalit\u00e9s et de langues, pr\u00e9sentaient aux Pays-Bas, et en Europe. Apr\u00e8s sept ann\u00e9es il \u00e9tait embauch\u00e9 comme directeur dans un bureau d&#8217;impr\u00e9sario Am\u00e9ricain ou il travaillait pendant 2 ann\u00e9es. Ensuite il \u00e9tait directeur-adjoint, puis directeur commercial de l&#8217;Acad\u00e9mie des Beaux Arts d&#8217;Amsterdam, ce qu&#8217;il est rest\u00e9 jusqu&#8217;\u00e0 1990.<\/p>\n<p>Peter a suivi une \u00e9ducation de la formation sociale, et apr\u00e8s quelques ann\u00e9es dans cette secteur il a commenc\u00e9 une \u00e9tude universitaire en P\u00e9dagogie. Encore \u00e9tudiant, il \u00e9tait embauch\u00e9 par la Banque Postale pour sa connaissance d&#8217;informatique. Les informaticiens \u00e9taient rare, ces ann\u00e9es, et il y a travaill\u00e9 jusqu&#8217;en 1990.<\/p>\n<p>Malgr\u00e9 nos bons boulots et nos grands salaires, le travail dans des \u00ab grandes boites \u00bb commen\u00e7ait \u00e0 nous ennuyer. En 1990 c&#8217;\u00e9tait temps pour un grand changement, et &#8230;&#8230; nous avons achet\u00e9 une p\u00e9niche de transport, pour devenir MARINIERS ! Cliquez sur l&#8217;image du \u00ab\u00a0<b>Noorderzon\u00a0<\/b>\u00bb pour un <a href=\"https:\/\/www.hansenpeter.nl\/fr\/a-bord-du-noorderzon\/\">lien au livre<\/a> que nous avons \u00e9crit sur ce sujet.<\/p>\n<p><a href=\"https:\/\/www.hansenpeter.nl\/fr\/a-bord-du-noorderzon\/\"><img loading=\"lazy\" decoding=\"async\" class=\" wp-image-1182 aligncenter\" src=\"http:\/\/hansetpeter.fr\/wp-content\/uploads\/2022\/12\/noorderzon-1-300x192.png\" alt=\"\" width=\"336\" height=\"215\" srcset=\"https:\/\/hansetpeter.fr\/wp-content\/uploads\/2022\/12\/noorderzon-1-300x192.png 300w, https:\/\/hansetpeter.fr\/wp-content\/uploads\/2022\/12\/noorderzon-1-768x492.png 768w, https:\/\/hansetpeter.fr\/wp-content\/uploads\/2022\/12\/noorderzon-1.png 800w\" sizes=\"auto, (max-width: 336px) 100vw, 336px\" \/><\/a><\/p>\n<p>Tous nos amis \u00e9taient convaincus que nous avions devenu fous. Et m\u00eame nous n&#8217;\u00e9tions pas s\u00fbrs que nous pourrions gagner notre vie avec une p\u00e9niche. Les premi\u00e8res ann\u00e9es avec le \u00ab\u00a0<b>Noorderzon\u00a0<\/b>\u00bb \u00e9taient alors plein d&#8217;aventures, hectiques, parfois catastrophiques &#8211; avec des fuites d&#8217;eau, des pannes de moteur etc\u00e9t\u00e9ra &#8211; mais quand-m\u00eame, nous avons toujours gagn\u00e9 assez d&#8217;argent pour nous nourrir et pour une bonne bouteille de vin. Et hors les pannes et les probl\u00e8mes, c&#8217;\u00e9tait tr\u00e8s agr\u00e9able, la vie de batelier : on passe par les plus beaux jardins de l&#8217;Europe, \u00e0 la vitesse d&#8217;un promeneur, mais avec sa maison \u00ab\u00a0sur le dos\u00a0\u00bb, et on se trouve dans des endroits idylliques tous les soirs. Pas mal, hein ?<\/p>\n<p>\u00c0 bord d&#8217;un bateau, on travaille jusqu&#8217;\u00e0 19h00, en g\u00e9n\u00e9rale. Les soir\u00e9es, pendant qu&#8217;on \u00e9tait amarr\u00e9, nous faisions des essaies sur l&#8217;ordi, afin d&#8217;am\u00e9liorer notre programmation. Lentement notre logiciel \u00e9tait n\u00e9. Jamais nous aurions pu nous imaginer que ce produit nous gagnerait beaucoup plus d&#8217;argent que le bateau, m\u00eame plus que nos anciens salaires !<\/p>\n<p>La navigation avec le <b>Noorderzon<\/b> a dur\u00e9 presque neuf ans. \u00a0C&#8217;\u00e9tait une belle aventure, qui nous a emport\u00e9 pas mal de bons amis. Mais finalement Peter commen\u00e7ait d&#8217;en avoir marre &#8211; pas la navigation, mais les contacts avec les travailleurs dans les ports (souvent TR\u00c8S d\u00e9sagr\u00e9ables) et avec certains mariniers hyper-conservateurs. Et il y avait le \u00ab\u00a0seven year itch\u00a0\u00bb, l&#8217;ennuie de tous les sept ans. Nous avons alors lou\u00e9 un appart \u00e0 Amsterdam afin de retourner \u00e0 la terre.<\/p>\n<p>Pendant les ann\u00e9es suivantes, nous nous sommes d\u00e9di\u00e9s enti\u00e8rement au d\u00e9veloppement et commercialisation de notre logiciel. Le\u00a0<b>Noorderzon<\/b> \u00e9tait vendu\u00a0en 1999 \u00e0 un transporteur de sable Fran\u00e7ais (il existe encore, sous le nom de <span style=\"display: inline !important; float: none; background-color: #ffffff; color: #444444; cursor: text; font-family: 'Open Sans',Helvetica,Arial,sans-serif; font-size: 14px; font-style: normal; font-variant: normal; font-weight: 400; letter-spacing: normal; orphans: 2; text-align: left; text-decoration: none; text-indent: 0px; text-transform: none; -webkit-text-stroke-width: 0px; white-space: normal; word-spacing: 0px;\">\u00ab\u00a0<\/span>Saint H\u00e9lier<span style=\"display: inline !important; float: none; background-color: #ffffff; color: #444444; cursor: text; font-family: 'Open Sans',Helvetica,Arial,sans-serif; font-size: 14px; font-style: normal; font-variant: normal; font-weight: 400; letter-spacing: normal; orphans: 2; text-align: left; text-decoration: none; text-indent: 0px; text-transform: none; -webkit-text-stroke-width: 0px; white-space: normal; word-spacing: 0px;\"> \u00bb, voir dessous<\/span>). Entre\u00a02000 et 2007 nous avons vu un vrai \u00ab\u00a0boom\u00a0\u00bb dans les ventes de nos produits, et les revenus montaient tous les ans. Par contre, nous avons travaill\u00e9 beaucoup trop (trop d&#8217;heures et avec trop de stress) et apr\u00e8s encore sept ann\u00e9es, nous avions de nouveau envie de changer.<\/p>\n<p><img loading=\"lazy\" decoding=\"async\" class=\"size-medium wp-image-1181 aligncenter\" src=\"http:\/\/hansetpeter.fr\/wp-content\/uploads\/2022\/12\/saint-helier-1-300x225.jpg\" alt=\"\" width=\"300\" height=\"225\" srcset=\"https:\/\/hansetpeter.fr\/wp-content\/uploads\/2022\/12\/saint-helier-1-300x225.jpg 300w, https:\/\/hansetpeter.fr\/wp-content\/uploads\/2022\/12\/saint-helier-1-768x576.jpg 768w, https:\/\/hansetpeter.fr\/wp-content\/uploads\/2022\/12\/saint-helier-1.jpg 1024w\" sizes=\"auto, (max-width: 300px) 100vw, 300px\" \/><\/p>\n<p>Cette fois ce n&#8217;\u00e9tait pas le travail qui changeait, mais la domicile : Peter avait trouv\u00e9 une maison \u00e0 vendre, aux bords de la Sa\u00f4ne. En Aout 2007 nous nous y sommes install\u00e9s, \u00e0 Ray-sur-Sa\u00f4ne&#8230;..dans la r\u00e9gion Bourgogne-Franche-Comt\u00e9, \u00e9loign\u00e9 de n&#8217;importe quelle grande ville et loin du bruit et du stress d&#8217;Amsterdam. Depuis Septembre 2007 nous sommes d\u00e9j\u00e0 des \u00ab \u00e9migr\u00e9s \u00bb , alors !<\/p>\n<p><img loading=\"lazy\" decoding=\"async\" class=\"size-medium wp-image-1183 aligncenter\" src=\"http:\/\/hansetpeter.fr\/wp-content\/uploads\/2022\/12\/FB_IMG_1561490849037-300x225.jpg\" alt=\"\" width=\"300\" height=\"225\" srcset=\"https:\/\/hansetpeter.fr\/wp-content\/uploads\/2022\/12\/FB_IMG_1561490849037-300x225.jpg 300w, https:\/\/hansetpeter.fr\/wp-content\/uploads\/2022\/12\/FB_IMG_1561490849037-1024x768.jpg 1024w, https:\/\/hansetpeter.fr\/wp-content\/uploads\/2022\/12\/FB_IMG_1561490849037-768x576.jpg 768w, https:\/\/hansetpeter.fr\/wp-content\/uploads\/2022\/12\/FB_IMG_1561490849037-1536x1152.jpg 1536w, https:\/\/hansetpeter.fr\/wp-content\/uploads\/2022\/12\/FB_IMG_1561490849037.jpg 1904w\" sizes=\"auto, (max-width: 300px) 100vw, 300px\" \/><\/p>\n<p>Le travail, pour nous, c&#8217;\u00e9tait notre entreprise \u00ab\u00a0<strong>NoorderSoft\u00a0<\/strong>\u00bb, dont le si\u00e8ge social \u00e9tait au domaine : un lien Internet un peu \u00ab boost\u00e9 \u00bb et une dizaine d&#8217;ordinateurs nous ont permis de d\u00e9velopper un logiciel qui fonctionnait comme GPS pour les voies navigables de l&#8217;Europe. Beaucoup de nos clients passaient devant nos bureaux en bateau, par la petite Sa\u00f4ne qui passait devant chez nous.<\/p>\n<p>D\u00e9but 2015, l&#8217;entreprise a \u00e9t\u00e9 vendue. Pour Hans, cette vente marquait la retraite. Pour Peter, un diagnostique d&#8217;une leuc\u00e9mie maline a \u00e9t\u00e9 suivi par un traitement lourd, avec une greffe de cellules-souches et deux ann\u00e9es de r\u00e9tablissement. Heureusement tout \u00e7a s&#8217;est bien pass\u00e9, alors il a repris le travail (toujours en informatique) en 2019. En 2022, apr\u00e8s les ann\u00e9es de Covid19, il a aussi pris sa retraite.<\/p>\n<p>Apr\u00e8s la vente du Domaine du Bac, nous n&#8217;avions pas envie d&#8217;acheter une autre maison\u00a0 quelque part en France tout de suite ; nous voulions \u00eatre plus flexible, et donc nous avions LOU\u00c9 un appartement \u00e0 N\u00eemes, une ville qui se trouve au milieu de tous les grandes axes : pr\u00e8s de la M\u00e9diterran\u00e9e, pr\u00e8s d&#8217;Espagne, pr\u00e8s de la C\u00f4te d&#8217;Azur et pr\u00e8s d&#8217;Italie. Mais aussi une ville bruyante. Et nos voisins n&#8217;\u00e9taient pas tr\u00e8s silencieux !<\/p>\n<p><img loading=\"lazy\" decoding=\"async\" class=\"size-medium wp-image-1146 aligncenter\" src=\"http:\/\/hansetpeter.fr\/wp-content\/uploads\/2022\/11\/Maison_Carree._Photo_Office_Tourisme_Nimes_O.Maynard-300x179.jpg\" alt=\"\" width=\"300\" height=\"179\" srcset=\"https:\/\/hansetpeter.fr\/wp-content\/uploads\/2022\/11\/Maison_Carree._Photo_Office_Tourisme_Nimes_O.Maynard-300x179.jpg 300w, https:\/\/hansetpeter.fr\/wp-content\/uploads\/2022\/11\/Maison_Carree._Photo_Office_Tourisme_Nimes_O.Maynard-1024x611.jpg 1024w, https:\/\/hansetpeter.fr\/wp-content\/uploads\/2022\/11\/Maison_Carree._Photo_Office_Tourisme_Nimes_O.Maynard-768x458.jpg 768w, https:\/\/hansetpeter.fr\/wp-content\/uploads\/2022\/11\/Maison_Carree._Photo_Office_Tourisme_Nimes_O.Maynard-1536x917.jpg 1536w, https:\/\/hansetpeter.fr\/wp-content\/uploads\/2022\/11\/Maison_Carree._Photo_Office_Tourisme_Nimes_O.Maynard-2048x1223.jpg 2048w\" sizes=\"auto, (max-width: 300px) 100vw, 300px\" \/><\/p>\n<p>Le 22 Novembre 2023 nous nous sommes donc install\u00e9s dans une petite ville un peu plus au Nord : Barjac (Gard) ! L\u00e1 nous avons pu louer une maison de campagne avec ses deux terrasses (une pour l&#8217;hiver et une pour l&#8217;\u00e9t\u00e9), entour\u00e9e par un grand jardin clos, \u00e0 5 minutes du centre-ville de Barjac.<\/p>\n<p style=\"text-align: center;\"><img loading=\"lazy\" decoding=\"async\" class=\"alignnone size-medium wp-image-1234\" src=\"http:\/\/hansetpeter.fr\/wp-content\/uploads\/2023\/12\/villa_costette-28-4733-300x158.jpeg\" alt=\"\" width=\"300\" height=\"158\" srcset=\"https:\/\/hansetpeter.fr\/wp-content\/uploads\/2023\/12\/villa_costette-28-4733-300x158.jpeg 300w, https:\/\/hansetpeter.fr\/wp-content\/uploads\/2023\/12\/villa_costette-28-4733-1024x540.jpeg 1024w, https:\/\/hansetpeter.fr\/wp-content\/uploads\/2023\/12\/villa_costette-28-4733-768x405.jpeg 768w, https:\/\/hansetpeter.fr\/wp-content\/uploads\/2023\/12\/villa_costette-28-4733.jpeg 1421w\" sizes=\"auto, (max-width: 300px) 100vw, 300px\" \/><\/p>\n<p>Pr\u00e8s de la limite Gard-Ard\u00eache, entre les Gorges de la C\u00e8ze et les Gorges de l&#8217;Ard\u00eache, nous vivons une belle vie calme et tranquille&#8230;.<\/p>\n","protected":false},"excerpt":{"rendered":"<p>Hans, le plus vieux de nous deux, est n\u00e9 en 1950 ; Peter en 1957. Jusqu&#8217; en 1981 nos vies se sont d\u00e9roul\u00e9es s\u00e9par\u00e9ment les unes des autres. En cette ann\u00e9e nous nous sommes rencontr\u00e9s dans un bar \u00e0 Amsterdam. Dans ce bar, Peter a fait un commentaire sur les cheveux de Hans, qu&#8217;il trouvait [&hellip;]<\/p>\n","protected":false},"author":2,"featured_media":0,"parent":0,"menu_order":0,"comment_status":"closed","ping_status":"closed","template":"","meta":{"site-sidebar-layout":"default","site-content-layout":"default","ast-site-content-layout":"default","site-content-style":"default","site-sidebar-style":"default","ast-global-header-display":"","ast-banner-title-visibility":"","ast-main-header-display":"","ast-hfb-above-header-display":"","ast-hfb-below-header-display":"","ast-hfb-mobile-header-display":"","site-post-title":"","ast-breadcrumbs-content":"","ast-featured-img":"","footer-sml-layout":"","ast-disable-related-posts":"","theme-transparent-header-meta":"default","adv-header-id-meta":"","stick-header-meta":"","header-above-stick-meta":"","header-main-stick-meta":"","header-below-stick-meta":"","astra-migrate-meta-layouts":"default","ast-page-background-enabled":"default","ast-page-background-meta":{"desktop":{"background-color":"","background-image":"","background-repeat":"repeat","background-position":"center center","background-size":"auto","background-attachment":"scroll","background-type":"","background-media":"","overlay-type":"","overlay-color":"","overlay-opacity":"","overlay-gradient":""},"tablet":{"background-color":"","background-image":"","background-repeat":"repeat","background-position":"center center","background-size":"auto","background-attachment":"scroll","background-type":"","background-media":"","overlay-type":"","overlay-color":"","overlay-opacity":"","overlay-gradient":""},"mobile":{"background-color":"","background-image":"","background-repeat":"repeat","background-position":"center center","background-size":"auto","background-attachment":"scroll","background-type":"","background-media":"","overlay-type":"","overlay-color":"","overlay-opacity":"","overlay-gradient":""}},"ast-content-background-meta":{"desktop":{"background-color":"var(--ast-global-color-5)","background-image":"","background-repeat":"repeat","background-position":"center center","background-size":"auto","background-attachment":"scroll","background-type":"","background-media":"","overlay-type":"","overlay-color":"","overlay-opacity":"","overlay-gradient":""},"tablet":{"background-color":"var(--ast-global-color-5)","background-image":"","background-repeat":"repeat","background-position":"center center","background-size":"auto","background-attachment":"scroll","background-type":"","background-media":"","overlay-type":"","overlay-color":"","overlay-opacity":"","overlay-gradient":""},"mobile":{"background-color":"var(--ast-global-color-5)","background-image":"","background-repeat":"repeat","background-position":"center center","background-size":"auto","background-attachment":"scroll","background-type":"","background-media":"","overlay-type":"","overlay-color":"","overlay-opacity":"","overlay-gradient":""}},"footnotes":""},"class_list":["post-1151","page","type-page","status-publish","hentry"],"aioseo_notices":[],"_links":{"self":[{"href":"https:\/\/hansetpeter.fr\/index.php\/wp-json\/wp\/v2\/pages\/1151","targetHints":{"allow":["GET"]}}],"collection":[{"href":"https:\/\/hansetpeter.fr\/index.php\/wp-json\/wp\/v2\/pages"}],"about":[{"href":"https:\/\/hansetpeter.fr\/index.php\/wp-json\/wp\/v2\/types\/page"}],"author":[{"embeddable":true,"href":"https:\/\/hansetpeter.fr\/index.php\/wp-json\/wp\/v2\/users\/2"}],"replies":[{"embeddable":true,"href":"https:\/\/hansetpeter.fr\/index.php\/wp-json\/wp\/v2\/comments?post=1151"}],"version-history":[{"count":14,"href":"https:\/\/hansetpeter.fr\/index.php\/wp-json\/wp\/v2\/pages\/1151\/revisions"}],"predecessor-version":[{"id":1245,"href":"https:\/\/hansetpeter.fr\/index.php\/wp-json\/wp\/v2\/pages\/1151\/revisions\/1245"}],"wp:attachment":[{"href":"https:\/\/hansetpeter.fr\/index.php\/wp-json\/wp\/v2\/media?parent=1151"}],"curies":[{"name":"wp","href":"https:\/\/api.w.org\/{rel}","templated":true}]}}